{"id":52,"date":"2014-06-03T16:33:52","date_gmt":"2014-06-03T14:33:52","guid":{"rendered":"http:\/\/jamaica.evolutiontravel.it\/infovacanze\/?page_id=52"},"modified":"2018-09-07T10:01:02","modified_gmt":"2018-09-07T08:01:02","slug":"vacanze-consigli","status":"publish","type":"page","link":"https:\/\/jamaica.evolutiontravel.it\/infovacanze\/vacanze\/vacanze-consigli\/","title":{"rendered":"Viaggio in Giamaica, i consigli dei consulenti"},"content":{"rendered":"<p>Ecco i nostri <strong>consigli per la Giamaica<\/strong> per viaggiare in <strong>sicurezza<\/strong> ma senza rinunciare a vedere quante pi\u00f9 attrazioni e posti di questa isola tra le pi\u00f9 suggestive.<\/p>\n<p>Se atterrate a Kingston, la capitale, tenete presente che, come tutte le grandi citt\u00e0, anche in questo caso ci sono alcuni <strong>quartieri a rischio<\/strong> dove \u00e8 sconsigliato andare in giro da soli o di notte. I quartieri meno tranquilli sono quelli dove le difficolt\u00e0 sociali ed economiche alzano il livello di tensione, pertanto \u00e8 opportuno, quando si viaggia, conoscere prima queste realt\u00e0 per affrontarle con consapevolezza.<\/p>\n<p>Innanzitutto \u00e8 bene dire che qualisiasi paese al mondo pu\u00f2 essere pericoloso se non si osservano alcune accortezze e comunque in tutti i paesi stranieri \u00e8 possibile, per ogni emergenza, rivolgersi all&#8217;ambasciata o consolato italiano presente.<\/p>\n<p>Appuntate questi riferimenti <strong>dell&#8217;ambasciata italiana in Giamaica<\/strong>:<\/p>\n<ul>\n<li>CONSOLATO ONORARIO KINGSTON<\/li>\n<li>Console onorario: GULLOTTA MARIA CARLA<\/li>\n<li>Indirizzo: Drapers San Guest House, Drapers, PORT ANTONIO (PO)<\/li>\n<li>Tel: 0018769488973<\/li>\n<li>Fax: 0018769937118<\/li>\n<li>E-mail: carla-51@cwjamaica.com<\/li>\n<\/ul>\n<p>Per il resto <strong>baster\u00e0 rilassarsi<\/strong>, la vita ai tropici \u00e8 molto pi\u00f9 tranquilla di quella che siamo soliti condurre in Italia!<\/p>\n<h2>Consigli sul clima<\/h2>\n<p>L\u2019isola ha un <strong>clima caldo tutto l\u2019anno<\/strong> ma come tutti i climi tropicali anche quello giamaicano si divide in <strong>stagione secca e stagione umida<\/strong> dove le precipitazioni posso essere pi\u00f9 frequenti.<\/p>\n<ul>\n<li><strong>Per approfondire<\/strong> vi consigliamo di leggere questo articolo dedicato: <strong><a href=\"https:\/\/jamaica.evolutiontravel.it\/infovacanze\/informazioni\/giamaica-clima\/\">Quando andare in Giamaica?<\/a><\/strong><\/li>\n<\/ul>\n<h2>Cosa vedere: suggerimenti dei consulenti viaggio<\/h2>\n<p>Citt\u00e0, spiagge, natura: avrete l&#8217;imbarazzo della scelta. <strong>Le spiagge<\/strong> della Giamaica sono tutte bellissime, certo, vederle tutte in un&#8217;unica vacanza \u00e8 abbastanza complicato.<\/p>\n<p><strong>Imperdibili<\/strong> sono quelle di Negril, Montego Bay, Ocho Rios, Treasure Beach, Port Antonio, Long Bay, Runway Bay, Reggae Beach. Cos\u00ec pure le cascate: le <strong>Dunn\u2019s River Falls<\/strong>, vicino la citt\u00e0 di Ocho Rios, la loro bellezza attira viaggiatori da tutto il mondo.<\/p>\n<p><strong>Per approfondire:<\/strong><\/p>\n<ul>\n<li><u><u><a href=\"https:\/\/jamaica.evolutiontravel.it\/infovacanze\/cosa-vedere\/spiagge\/\">Spiagge della Giamaica<\/a><\/u><\/u><\/li>\n<li><u><u><a href=\"https:\/\/jamaica.evolutiontravel.it\/infovacanze\/cosa-vedere\/cascate\/\">Almeno 5 cascate da non perdere in Giamaica<\/a><\/u><\/u><\/li>\n<\/ul>\n<p>Durante la vostra vacanza magari di mare e spiaggia dedicate del tempo anche a <strong>visitare alcune delle citt\u00e0<\/strong>. Il consiglio \u00e8, se possibile, di incrociare le date del viaggio con quelle durante le quali si tengono <strong>festival di musica reggae<\/strong>.<\/p>\n<p><strong>Per approfondire:<\/strong><\/p>\n<ul>\n<li><u><u><a href=\"https:\/\/jamaica.evolutiontravel.it\/infovacanze\/cosa-vedere\/destinazioni\/\">Luoghi e citt\u00e0 della Giamaica<\/a><\/u><\/u><\/li>\n<\/ul>\n<p>La <strong>Jamaica dista appena 150 km da Cuba<\/strong> e con <strong>Evolution Travel puoi fare anche un viaggio combinato<\/strong> che ti consente di vedere, in un&#8217;unica vacanza, le due isole caraibiche!<\/p>\n<p>Per dare un&#8217;occhiata alle cose da vedere a Cuba leggi i nostri articoli dedicati:<\/p>\n<ul>\n<li><u><u><a href=\"https:\/\/cuba.evolutiontravel.it\/infovacanze\/vacanze\/escursioni\/\">Escursioni a Cuba<\/a><\/u><\/u><\/li>\n<li><u><u><a href=\"https:\/\/cuba.evolutiontravel.it\/infovacanze\/davedere\/cuba-jamaica\/\">Cuba Jamaica<\/a><\/u><\/u><\/li>\n<\/ul>\n<p>&nbsp;<\/p>\n<h3 style=\"text-align: center\"><span style=\"color: #008000\">GIAMAICA: OFFERTE DELLA SETTIMANA<\/span><\/h3>\n<p style=\"text-align: center\"><strong>TI SVELIAMO UN SEGRETO<\/strong>: non devi spendere una fortuna per una vacanza da sogno.<\/p>\n<p style=\"text-align: center\">Cogli al volo le occasioni della settimana, <strong><span style=\"color: #008000\">CLICCA E SCOPRI<\/span><\/strong>: <strong>programma<\/strong> viaggio, <strong>foto<\/strong> e <strong>recensioni<\/strong>!<\/p>\n<div class=\"feedzy-35abbf74d157cd02ca39b728f818e521 feedzy-rss\"><ul>Feed has no items.<\/ul> <\/div>\n","protected":false},"excerpt":{"rendered":"<p>Ecco i nostri consigli per la Giamaica per viaggiare in sicurezza ma senza rinunciare a vedere quante pi\u00f9 attrazioni e posti di questa isola tra le pi\u00f9 suggestive. Se atterrate a Kingston, la capitale, tenete presente che, come tutte le grandi citt\u00e0, anche in questo caso ci sono alcuni quartieri a rischio dove \u00e8 sconsigliato <a class=\"moretag\" href=\"https:\/\/jamaica.evolutiontravel.it\/infovacanze\/vacanze\/vacanze-consigli\/\">[&#8230;]<\/a><\/p>\n","protected":false},"author":6,"featured_media":0,"parent":45,"menu_order":0,"comment_status":"closed","ping_status":"open","template":"templates\/template-with-right-sidebar.php","meta":{"footnotes":""},"yoast_head":"<!-- This site is optimized with the Yoast SEO plugin v21.9.1 - https:\/\/yoast.com\/wordpress\/plugins\/seo\/ -->\n<title>Consigli di viaggio in Giamaica: sicurezza, ambasciate e altri suggerimenti<\/title>\n<meta name=\"description\" content=\"Consigli di viaggio per la tua vacanza in Giamaica in totale sicurezza: leggi il nostro articolo, condividilo con chi vuoi tu e parti grazie alle nostre imperdibili offerte della settimana!\" \/>\n<meta name=\"robots\" content=\"index, follow, max-snippet:-1, max-image-preview:large, max-video-preview:-1\" \/>\n<link rel=\"canonical\" href=\"https:\/\/jamaica.evolutiontravel.it\/infovacanze\/vacanze\/vacanze-consigli\/\" \/>\n<meta property=\"og:locale\" content=\"it_IT\" \/>\n<meta property=\"og:type\" content=\"article\" \/>\n<meta property=\"og:title\" content=\"Consigli di viaggio in Giamaica: sicurezza, ambasciate e altri suggerimenti\" \/>\n<meta property=\"og:description\" content=\"Consigli di viaggio per la tua vacanza in Giamaica in totale sicurezza: leggi il nostro articolo, condividilo con chi vuoi tu e parti grazie alle nostre imperdibili offerte della settimana!\" \/>\n<meta property=\"og:url\" content=\"https:\/\/jamaica.evolutiontravel.it\/infovacanze\/vacanze\/vacanze-consigli\/\" \/>\n<meta property=\"og:site_name\" content=\"Jamaica\" \/>\n<meta property=\"article:modified_time\" content=\"2018-09-07T08:01:02+00:00\" \/>\n<meta name=\"twitter:label1\" content=\"Tempo di lettura stimato\" \/>\n\t<meta name=\"twitter:data1\" content=\"2 minuti\" \/>\n<script type=\"application\/ld+json\" class=\"yoast-schema-graph\">{\"@context\":\"https:\/\/schema.org\",\"@graph\":[{\"@type\":\"WebPage\",\"@id\":\"https:\/\/jamaica.evolutiontravel.it\/infovacanze\/vacanze\/vacanze-consigli\/\",\"url\":\"https:\/\/jamaica.evolutiontravel.it\/infovacanze\/vacanze\/vacanze-consigli\/\",\"name\":\"Consigli di viaggio in Giamaica: sicurezza, ambasciate e altri suggerimenti\",\"isPartOf\":{\"@id\":\"https:\/\/jamaica.evolutiontravel.it\/infovacanze\/#website\"},\"datePublished\":\"2014-06-03T14:33:52+00:00\",\"dateModified\":\"2018-09-07T08:01:02+00:00\",\"description\":\"Consigli di viaggio per la tua vacanza in Giamaica in totale sicurezza: leggi il nostro articolo, condividilo con chi vuoi tu e parti grazie alle nostre imperdibili offerte della settimana!\",\"breadcrumb\":{\"@id\":\"https:\/\/jamaica.evolutiontravel.it\/infovacanze\/vacanze\/vacanze-consigli\/#breadcrumb\"},\"inLanguage\":\"it-IT\",\"potentialAction\":[{\"@type\":\"ReadAction\",\"target\":[\"https:\/\/jamaica.evolutiontravel.it\/infovacanze\/vacanze\/vacanze-consigli\/\"]}]},{\"@type\":\"BreadcrumbList\",\"@id\":\"https:\/\/jamaica.evolutiontravel.it\/infovacanze\/vacanze\/vacanze-consigli\/#breadcrumb\",\"itemListElement\":[{\"@type\":\"ListItem\",\"position\":1,\"name\":\"Perch\u00e8 scegliere la Giamaica\",\"item\":\"https:\/\/jamaica.evolutiontravel.it\/infovacanze\/vacanze\/\"},{\"@type\":\"ListItem\",\"position\":2,\"name\":\"Viaggio in Giamaica, i consigli dei consulenti\"}]},{\"@type\":\"WebSite\",\"@id\":\"https:\/\/jamaica.evolutiontravel.it\/infovacanze\/#website\",\"url\":\"https:\/\/jamaica.evolutiontravel.it\/infovacanze\/\",\"name\":\"Jamaica\",\"description\":\"\",\"potentialAction\":[{\"@type\":\"SearchAction\",\"target\":{\"@type\":\"EntryPoint\",\"urlTemplate\":\"https:\/\/jamaica.evolutiontravel.it\/infovacanze\/?s={search_term_string}\"},\"query-input\":\"required name=search_term_string\"}],\"inLanguage\":\"it-IT\"}]}<\/script>\n<!-- \/ Yoast SEO plugin. -->","yoast_head_json":{"title":"Consigli di viaggio in Giamaica: sicurezza, ambasciate e altri suggerimenti","description":"Consigli di viaggio per la tua vacanza in Giamaica in totale sicurezza: leggi il nostro articolo, condividilo con chi vuoi tu e parti grazie alle nostre imperdibili offerte della settimana!","robots":{"index":"index","follow":"follow","max-snippet":"max-snippet:-1","max-image-preview":"max-image-preview:large","max-video-preview":"max-video-preview:-1"},"canonical":"https:\/\/jamaica.evolutiontravel.it\/infovacanze\/vacanze\/vacanze-consigli\/","og_locale":"it_IT","og_type":"article","og_title":"Consigli di viaggio in Giamaica: sicurezza, ambasciate e altri suggerimenti","og_description":"Consigli di viaggio per la tua vacanza in Giamaica in totale sicurezza: leggi il nostro articolo, condividilo con chi vuoi tu e parti grazie alle nostre imperdibili offerte della settimana!","og_url":"https:\/\/jamaica.evolutiontravel.it\/infovacanze\/vacanze\/vacanze-consigli\/","og_site_name":"Jamaica","article_modified_time":"2018-09-07T08:01:02+00:00","twitter_misc":{"Tempo di lettura stimato":"2 minuti"},"schema":{"@context":"https:\/\/schema.org","@graph":[{"@type":"WebPage","@id":"https:\/\/jamaica.evolutiontravel.it\/infovacanze\/vacanze\/vacanze-consigli\/","url":"https:\/\/jamaica.evolutiontravel.it\/infovacanze\/vacanze\/vacanze-consigli\/","name":"Consigli di viaggio in Giamaica: sicurezza, ambasciate e altri suggerimenti","isPartOf":{"@id":"https:\/\/jamaica.evolutiontravel.it\/infovacanze\/#website"},"datePublished":"2014-06-03T14:33:52+00:00","dateModified":"2018-09-07T08:01:02+00:00","description":"Consigli di viaggio per la tua vacanza in Giamaica in totale sicurezza: leggi il nostro articolo, condividilo con chi vuoi tu e parti grazie alle nostre imperdibili offerte della settimana!","breadcrumb":{"@id":"https:\/\/jamaica.evolutiontravel.it\/infovacanze\/vacanze\/vacanze-consigli\/#breadcrumb"},"inLanguage":"it-IT","potentialAction":[{"@type":"ReadAction","target":["https:\/\/jamaica.evolutiontravel.it\/infovacanze\/vacanze\/vacanze-consigli\/"]}]},{"@type":"BreadcrumbList","@id":"https:\/\/jamaica.evolutiontravel.it\/infovacanze\/vacanze\/vacanze-consigli\/#breadcrumb","itemListElement":[{"@type":"ListItem","position":1,"name":"Perch\u00e8 scegliere la Giamaica","item":"https:\/\/jamaica.evolutiontravel.it\/infovacanze\/vacanze\/"},{"@type":"ListItem","position":2,"name":"Viaggio in Giamaica, i consigli dei consulenti"}]},{"@type":"WebSite","@id":"https:\/\/jamaica.evolutiontravel.it\/infovacanze\/#website","url":"https:\/\/jamaica.evolutiontravel.it\/infovacanze\/","name":"Jamaica","description":"","potentialAction":[{"@type":"SearchAction","target":{"@type":"EntryPoint","urlTemplate":"https:\/\/jamaica.evolutiontravel.it\/infovacanze\/?s={search_term_string}"},"query-input":"required name=search_term_string"}],"inLanguage":"it-IT"}]}},"_links":{"self":[{"href":"https:\/\/jamaica.evolutiontravel.it\/infovacanze\/wp-json\/wp\/v2\/pages\/52"}],"collection":[{"href":"https:\/\/jamaica.evolutiontravel.it\/infovacanze\/wp-json\/wp\/v2\/pages"}],"about":[{"href":"https:\/\/jamaica.evolutiontravel.it\/infovacanze\/wp-json\/wp\/v2\/types\/page"}],"author":[{"embeddable":true,"href":"https:\/\/jamaica.evolutiontravel.it\/infovacanze\/wp-json\/wp\/v2\/users\/6"}],"replies":[{"embeddable":true,"href":"https:\/\/jamaica.evolutiontravel.it\/infovacanze\/wp-json\/wp\/v2\/comments?post=52"}],"version-history":[{"count":14,"href":"https:\/\/jamaica.evolutiontravel.it\/infovacanze\/wp-json\/wp\/v2\/pages\/52\/revisions"}],"predecessor-version":[{"id":315,"href":"https:\/\/jamaica.evolutiontravel.it\/infovacanze\/wp-json\/wp\/v2\/pages\/52\/revisions\/315"}],"up":[{"embeddable":true,"href":"https:\/\/jamaica.evolutiontravel.it\/infovacanze\/wp-json\/wp\/v2\/pages\/45"}],"wp:attachment":[{"href":"https:\/\/jamaica.evolutiontravel.it\/infovacanze\/wp-json\/wp\/v2\/media?parent=52"}],"curies":[{"name":"wp","href":"https:\/\/api.w.org\/{rel}","templated":true}]}}