{"id":41,"date":"2014-06-03T16:25:31","date_gmt":"2014-06-03T14:25:31","guid":{"rendered":"http:\/\/jamaica.evolutiontravel.it\/infovacanze\/?page_id=41"},"modified":"2018-12-07T09:16:54","modified_gmt":"2018-12-07T08:16:54","slug":"giamaica-clima","status":"publish","type":"page","link":"https:\/\/jamaica.evolutiontravel.it\/infovacanze\/informazioni\/giamaica-clima\/","title":{"rendered":"Periodo migliore per una vacanza in Giamaica"},"content":{"rendered":"<p><strong>Clima e temperature<\/strong> sono le preoccupazioni maggiori di chi vuole <strong>prenotare una vacanza Giamaica<\/strong> ed \u00e8 normalissimo perch\u00e8 le condizioni metereologiche possono fare la differenza, soprattutto quando si parla di destinazioni scelte soprattutto fare vita <a title=\"jamaica spiagge e mare\" href=\"https:\/\/jamaica.evolutiontravel.it\/infovacanze\/cosa-vedere\/spiagge\/\">da spiaggia e mare<\/a>, sole e non certo per la pioggia!<\/p>\n<p>Scopriamo insieme <strong>quando andare in Giamaica<\/strong> e quali sono i mesi migliori:<\/p>\n<ul>\n<li><strong>da dicembre a maggio<\/strong> sole e mare: siamo nelle stagioni pi\u00f9 secche, quando la vita in spiaggia \u00e8 sicuramente all\u2019insegna del sole e del mare. Per cui parliamo delle stagioni che in <strong>Italia corrispondo all&#8217;inverno e alla primavera<\/strong>.<\/li>\n<li><strong>A novembre<\/strong> precipitazioni pi\u00f9 propabili e l&#8217;intensit\u00e0 delle piogge diventa maggiore sulla costa settentrionale del Portland, a Port Antonio. Tuttavia \u00e8 bene dire che le precipitazioni ai tropici sono generalmente <strong>brevi anche se intense<\/strong> e si verificano principalmente nel tardo pomeriggio.<\/li>\n<li><strong>In estate \u00e8 tempo di festival<\/strong> ed eventi in Giamaica: l&#8217;isola offre ai viaggiatori numerose occasioni di divertimento grazie ai festival reggae che si svolgono qui, e pu\u00f2 quindi essere un&#8217;occasione in pi\u00f9 per una vacanza.<\/li>\n<li><strong>A Natale<\/strong>: molti turisti scelgono la Giamaica come destinazione delle <strong>vacanze natalizie<\/strong>. Siamo nel <strong>mese di dicembre, uno dei periodi migliori<\/strong> per fare un viaggio qui, \u00e8 infatti il periodo della stagione secca con giornate assolate, temperatura dell\u2019aria e dell\u2019acqua calde ma piacevoli, insomma spezzerete il lungo e rigido inverno italiano con bagni di sole, rinfrescati da un mare stupendo.<\/li>\n<\/ul>\n<p>Dal punto di vista pi\u00f9 generico, <strong>le temperature sull&#8217;isola<\/strong> vanno da un <strong>minimo di 24 gradi<\/strong> ad un <strong>massimo di 31 gradi<\/strong>.<\/p>\n<p>Tuttavia questa isola delle Grandi Antille \u00e8 spazzata dagli <strong>alisei<\/strong>, quindi <strong>il caldo non \u00e8 mai torrido<\/strong> nemmeno quando supera i 30 gradi. E per quanto riguarda invece la temperatura del mare questa pu\u00f2 variare <strong>dai 26 ai 28 gradi<\/strong>.<\/p>\n<p>Insomma, la Giamaica \u00e8 decisamente una meta di vacanze ideale<strong> in tutte le stagioni<\/strong>, per <strong>tutti i gusti<\/strong> e <span style=\"color: #008000\"><strong>per tutte le tasche<\/strong><\/span>!<\/p>\n<h3 style=\"text-align: center\"><strong><span style=\"color: #008000\">GIAMAICA: A MENO DI 2000\u20ac!<\/span><\/strong><\/h3>\n<p style=\"text-align: center\">Scopri adesso <strong>le migliori offerte della settimana<\/strong> per una vacanza <strong>a meno di 2000\u20ac<\/strong><\/p>\n<p style=\"text-align: center\"><span style=\"color: #008000\"><strong>CLICCA E SCOPRI<\/strong><\/span>: <strong>programma<\/strong> viaggio, <strong>foto<\/strong>, <strong>recensioni<\/strong>, <strong>itinerari<\/strong> e <strong>servizi inclusi<\/strong>!<\/p>\n<div class=\"feedzy-a44da7aff1fa95ea29caf9daffd729d4 feedzy-rss\">\n\t\t<ul class=\"feedzy-style2\">\n\t\t\t\t\t<li  style=\"padding: 23px 0 38px\" class=\"rss_item feedzy-rss-col-3\" >\n\t\t\t\t\t\t\t\t\t<div class=\"rss_image\" style=\"width:225px; height:225px;\">\n\t\t\t\t\t\t<a href=\"https:\/\/jamaica.evolutiontravel.it\/it_IT\/909\/tab\/1661_hotel-hedonism-ii-4-stelle.html\" target=\"_blank\" \n\t\t\t\t\t\t\trel=\"noopener \"\n\t\t\t\t\t\t\ttitle=\"Hotel Hedonism II 4 stelle\"\n\t\t\t\t\t\t\tstyle=\"width:225px; height:225px;\">\n\t\t\t\t\t\t\t<span class=\"fetched\" style=\"background-image:  url('http:\/\/etcdn.net\/thumbnails\/1661\/it-negril-hotel-hedonism-ii-4-stelle-5cf01.jpg');\" title=\"Hotel Hedonism II 4 stelle\"><\/span><amp-img width=\"225\" height=\"225\" src=\"http:\/\/etcdn.net\/thumbnails\/1661\/it-negril-hotel-hedonism-ii-4-stelle-5cf01.jpg\">\t\t\t\t\t\t<\/a>\n\t\t\t\t\t<\/div>\n\t\t\t\t\t\t\t\t<div class=\"rss_content_wrap\">\n\t\t\t\t\t<span class=\"title\">\n\t\t\t\t\t\t<a href=\"https:\/\/jamaica.evolutiontravel.it\/it_IT\/909\/tab\/1661_hotel-hedonism-ii-4-stelle.html\" target=\"_blank\"  rel=\"noopener \">\n\t\t\t\t\t\t\tHotel Hedonism II 4 stelle\t\t\t\t\t\t<\/a>\n\t\t\t\t\t<\/span>\n\t\t\t\t\t<div class=\"rss_content\"\n\t\t\t\t\t\t\tstyle=\"\">\n\t\t\t\t\t\t\n\t\t\t\t\t\t\t\t\t\t\t\t<p class=\"description\">All'Hedonism II le possibilit\u00e0 sono limitate solo dalla tua immaginazione. E' un luogo dove potai sentirti libero, seguendo il [&hellip;]<\/p>\n\t\t\t\t\t\t\n\t\t\t\t\t\t\t\t\t\t\t\t\t\t\t\t\t\t\t<div class=\"price-wrap\">\n\t\t\t\t\t\t\t\t<a href=\"https:\/\/jamaica.evolutiontravel.it\/it_IT\/909\/tab\/1661_hotel-hedonism-ii-4-stelle.html\" target=\"_blank\" rel=\"noopener\"><button class=\"price\"> 1930<\/button><\/a>\n\t\t\t\t\t\t\t<\/div>\n\t\t\t\t\t\t\t\t\t\t\t<\/div>\n\t\t\t\t<\/div>\n\t\t\t<\/li>\n\t\t\t\t\t\t<li  style=\"padding: 23px 0 38px\" class=\"rss_item feedzy-rss-col-3\" >\n\t\t\t\t\t\t\t\t\t<div class=\"rss_image\" style=\"width:225px; height:225px;\">\n\t\t\t\t\t\t<a href=\"https:\/\/jamaica.evolutiontravel.it\/it_IT\/909\/tab\/36835_veraclub-negril.html\" target=\"_blank\" \n\t\t\t\t\t\t\trel=\"noopener \"\n\t\t\t\t\t\t\ttitle=\"Veraclub Negril\"\n\t\t\t\t\t\t\tstyle=\"width:225px; height:225px;\">\n\t\t\t\t\t\t\t<span class=\"fetched\" style=\"background-image:  url('http:\/\/etcdn.net\/thumbnails\/36835\/it-negril-veraclub-negril-77c67.jpg');\" title=\"Veraclub Negril\"><\/span><amp-img width=\"225\" height=\"225\" src=\"http:\/\/etcdn.net\/thumbnails\/36835\/it-negril-veraclub-negril-77c67.jpg\">\t\t\t\t\t\t<\/a>\n\t\t\t\t\t<\/div>\n\t\t\t\t\t\t\t\t<div class=\"rss_content_wrap\">\n\t\t\t\t\t<span class=\"title\">\n\t\t\t\t\t\t<a href=\"https:\/\/jamaica.evolutiontravel.it\/it_IT\/909\/tab\/36835_veraclub-negril.html\" target=\"_blank\"  rel=\"noopener \">\n\t\t\t\t\t\t\tVeraclub Negril\t\t\t\t\t\t<\/a>\n\t\t\t\t\t<\/span>\n\t\t\t\t\t<div class=\"rss_content\"\n\t\t\t\t\t\t\tstyle=\"\">\n\t\t\t\t\t\t\n\t\t\t\t\t\t\t\t\t\t\t\t<p class=\"description\">Uno dei best seller sulla spiaggia di Negril... hotel esclusivo di Veratour, direttamente sulla 7mile beach, una delle 10 spiagge [&hellip;]<\/p>\n\t\t\t\t\t\t\n\t\t\t\t\t\t\t\t\t\t\t\t\t\t\t\t\t\t\t<div class=\"price-wrap\">\n\t\t\t\t\t\t\t\t<a href=\"https:\/\/jamaica.evolutiontravel.it\/it_IT\/909\/tab\/36835_veraclub-negril.html\" target=\"_blank\" rel=\"noopener\"><button class=\"price\"> 1310<\/button><\/a>\n\t\t\t\t\t\t\t<\/div>\n\t\t\t\t\t\t\t\t\t\t\t<\/div>\n\t\t\t\t<\/div>\n\t\t\t<\/li>\n\t\t\t\t\t\t<li  style=\"padding: 23px 0 38px\" class=\"rss_item feedzy-rss-col-3\" >\n\t\t\t\t\t\t\t\t\t<div class=\"rss_image\" style=\"width:225px; height:225px;\">\n\t\t\t\t\t\t<a href=\"https:\/\/jamaica.evolutiontravel.it\/it_IT\/909\/tab\/1665_hotel-merrils-beach-3-stelle-in-all-inclusive.html\" target=\"_blank\" \n\t\t\t\t\t\t\trel=\"noopener \"\n\t\t\t\t\t\t\ttitle=\"Hotel Merril\u00b4s Beach 3 Stelle in All Inclusive\"\n\t\t\t\t\t\t\tstyle=\"width:225px; height:225px;\">\n\t\t\t\t\t\t\t<span class=\"fetched\" style=\"background-image:  url('http:\/\/etcdn.net\/thumbnails\/1665\/it-negril-hotel-exploracafe-merrils-beach-3-stelle-in-all-inclusive-56962.jpg');\" title=\"Hotel Merril\u00b4s Beach 3 Stelle in All Inclusive\"><\/span><amp-img width=\"225\" height=\"225\" src=\"http:\/\/etcdn.net\/thumbnails\/1665\/it-negril-hotel-exploracafe-merrils-beach-3-stelle-in-all-inclusive-56962.jpg\">\t\t\t\t\t\t<\/a>\n\t\t\t\t\t<\/div>\n\t\t\t\t\t\t\t\t<div class=\"rss_content_wrap\">\n\t\t\t\t\t<span class=\"title\">\n\t\t\t\t\t\t<a href=\"https:\/\/jamaica.evolutiontravel.it\/it_IT\/909\/tab\/1665_hotel-merrils-beach-3-stelle-in-all-inclusive.html\" target=\"_blank\"  rel=\"noopener \">\n\t\t\t\t\t\t\tHotel Merril\u00b4s Beach 3 Stelle in All Inclusive\t\t\t\t\t\t<\/a>\n\t\t\t\t\t<\/span>\n\t\t\t\t\t<div class=\"rss_content\"\n\t\t\t\t\t\t\tstyle=\"\">\n\t\t\t\t\t\t\n\t\t\t\t\t\t\t\t\t\t\t\t<p class=\"description\">Il best seller a Negril.... si una delle spiagge pi\u00f9 belle del mondo, la 7mile beach, l'hotel si divide in 2 parti, la parte II [&hellip;]<\/p>\n\t\t\t\t\t\t\n\t\t\t\t\t\t\t\t\t\t\t\t\t\t\t\t\t\t\t<div class=\"price-wrap\">\n\t\t\t\t\t\t\t\t<a href=\"https:\/\/jamaica.evolutiontravel.it\/it_IT\/909\/tab\/1665_hotel-merrils-beach-3-stelle-in-all-inclusive.html\" target=\"_blank\" rel=\"noopener\"><button class=\"price\"> 1335<\/button><\/a>\n\t\t\t\t\t\t\t<\/div>\n\t\t\t\t\t\t\t\t\t\t\t<\/div>\n\t\t\t\t<\/div>\n\t\t\t<\/li>\n\t\t\t\t\t\t<li  style=\"padding: 23px 0 38px\" class=\"rss_item feedzy-rss-col-3\" >\n\t\t\t\t\t\t\t\t\t<div class=\"rss_image\" style=\"width:225px; height:225px;\">\n\t\t\t\t\t\t<a href=\"https:\/\/jamaica.evolutiontravel.it\/it_IT\/909\/tab\/35023_samsara-cliff-resort-4-stelle.html\" target=\"_blank\" \n\t\t\t\t\t\t\trel=\"noopener \"\n\t\t\t\t\t\t\ttitle=\"Samsara Cliff Resort 4 stelle\"\n\t\t\t\t\t\t\tstyle=\"width:225px; height:225px;\">\n\t\t\t\t\t\t\t<span class=\"fetched\" style=\"background-image:  url('http:\/\/etcdn.net\/thumbnails\/35023\/it-negril-samsara-cliff-resort-4-stelle-59bcd.jpg');\" title=\"Samsara Cliff Resort 4 stelle\"><\/span><amp-img width=\"225\" height=\"225\" src=\"http:\/\/etcdn.net\/thumbnails\/35023\/it-negril-samsara-cliff-resort-4-stelle-59bcd.jpg\">\t\t\t\t\t\t<\/a>\n\t\t\t\t\t<\/div>\n\t\t\t\t\t\t\t\t<div class=\"rss_content_wrap\">\n\t\t\t\t\t<span class=\"title\">\n\t\t\t\t\t\t<a href=\"https:\/\/jamaica.evolutiontravel.it\/it_IT\/909\/tab\/35023_samsara-cliff-resort-4-stelle.html\" target=\"_blank\"  rel=\"noopener \">\n\t\t\t\t\t\t\tSamsara Cliff Resort 4 stelle\t\t\t\t\t\t<\/a>\n\t\t\t\t\t<\/span>\n\t\t\t\t\t<div class=\"rss_content\"\n\t\t\t\t\t\t\tstyle=\"\">\n\t\t\t\t\t\t\n\t\t\t\t\t\t\t\t\t\t\t\t<p class=\"description\">si trova in spettacolare posizione panoramica sulla scogliera a due passi dal West End, la zona bohemien di Negril dove ci sono i [&hellip;]<\/p>\n\t\t\t\t\t\t\n\t\t\t\t\t\t\t\t\t\t\t\t\t\t\t\t\t\t\t<div class=\"price-wrap\">\n\t\t\t\t\t\t\t\t<a href=\"https:\/\/jamaica.evolutiontravel.it\/it_IT\/909\/tab\/35023_samsara-cliff-resort-4-stelle.html\" target=\"_blank\" rel=\"noopener\"><button class=\"price\"> 1090<\/button><\/a>\n\t\t\t\t\t\t\t<\/div>\n\t\t\t\t\t\t\t\t\t\t\t<\/div>\n\t\t\t\t<\/div>\n\t\t\t<\/li>\n\t\t\t\t\t\t<li  style=\"padding: 23px 0 38px\" class=\"rss_item feedzy-rss-col-3\" >\n\t\t\t\t\t\t\t\t\t<div class=\"rss_image\" style=\"width:225px; height:225px;\">\n\t\t\t\t\t\t<a href=\"https:\/\/jamaica.evolutiontravel.it\/it_IT\/909\/tab\/23812_fly-drive-nellisola-del-raggae.html\" target=\"_blank\" \n\t\t\t\t\t\t\trel=\"noopener \"\n\t\t\t\t\t\t\ttitle=\"Fly &amp; Drive nell&#039;Isola del Raggae\"\n\t\t\t\t\t\t\tstyle=\"width:225px; height:225px;\">\n\t\t\t\t\t\t\t<span class=\"fetched\" style=\"background-image:  url('http:\/\/etcdn.net\/thumbnails\/23812\/it-montego-bay-jamming-fly-drive-nellisola-del-raggae-78cdf.jpg');\" title=\"Fly &amp; Drive nell&#039;Isola del Raggae\"><\/span><amp-img width=\"225\" height=\"225\" src=\"http:\/\/etcdn.net\/thumbnails\/23812\/it-montego-bay-jamming-fly-drive-nellisola-del-raggae-78cdf.jpg\">\t\t\t\t\t\t<\/a>\n\t\t\t\t\t<\/div>\n\t\t\t\t\t\t\t\t<div class=\"rss_content_wrap\">\n\t\t\t\t\t<span class=\"title\">\n\t\t\t\t\t\t<a href=\"https:\/\/jamaica.evolutiontravel.it\/it_IT\/909\/tab\/23812_fly-drive-nellisola-del-raggae.html\" target=\"_blank\"  rel=\"noopener \">\n\t\t\t\t\t\t\tFly &amp; Drive nell'Isola del Raggae\t\t\t\t\t\t<\/a>\n\t\t\t\t\t<\/span>\n\t\t\t\t\t<div class=\"rss_content\"\n\t\t\t\t\t\t\tstyle=\"\">\n\t\t\t\t\t\t\n\t\t\t\t\t\t\t\t\t\t\t\t<p class=\"description\">Una magnifica occasione per chi ha spirito di avventura ma non vuole rinunciare alla sicurezza.<\/p>\n\t\t\t\t\t\t\n\t\t\t\t\t\t\t\t\t\t\t\t\t\t\t\t\t\t\t<div class=\"price-wrap\">\n\t\t\t\t\t\t\t\t<a href=\"https:\/\/jamaica.evolutiontravel.it\/it_IT\/909\/tab\/23812_fly-drive-nellisola-del-raggae.html\" target=\"_blank\" rel=\"noopener\"><button class=\"price\"> 1590<\/button><\/a>\n\t\t\t\t\t\t\t<\/div>\n\t\t\t\t\t\t\t\t\t\t\t<\/div>\n\t\t\t\t<\/div>\n\t\t\t<\/li>\n\t\t\t\t\t\t<li  style=\"padding: 23px 0 38px\" class=\"rss_item feedzy-rss-col-3\" >\n\t\t\t\t\t\t\t\t\t<div class=\"rss_image\" style=\"width:225px; height:225px;\">\n\t\t\t\t\t\t<a href=\"https:\/\/jamaica.evolutiontravel.it\/it_IT\/909\/tab\/35898_hotel-club-riu-resort-5-stelle.html\" target=\"_blank\" \n\t\t\t\t\t\t\trel=\"noopener \"\n\t\t\t\t\t\t\ttitle=\"Hotel Club Riu Resort 5 stelle\"\n\t\t\t\t\t\t\tstyle=\"width:225px; height:225px;\">\n\t\t\t\t\t\t\t<span class=\"fetched\" style=\"background-image:  url('http:\/\/etcdn.net\/thumbnails\/3976\/it-negril-exploraresort-hotel-riu-club-5-stelle-56988.jpg');\" title=\"Hotel Club Riu Resort 5 stelle\"><\/span><amp-img width=\"225\" height=\"225\" src=\"http:\/\/etcdn.net\/thumbnails\/3976\/it-negril-exploraresort-hotel-riu-club-5-stelle-56988.jpg\">\t\t\t\t\t\t<\/a>\n\t\t\t\t\t<\/div>\n\t\t\t\t\t\t\t\t<div class=\"rss_content_wrap\">\n\t\t\t\t\t<span class=\"title\">\n\t\t\t\t\t\t<a href=\"https:\/\/jamaica.evolutiontravel.it\/it_IT\/909\/tab\/35898_hotel-club-riu-resort-5-stelle.html\" target=\"_blank\"  rel=\"noopener \">\n\t\t\t\t\t\t\tHotel Club Riu Resort 5 stelle\t\t\t\t\t\t<\/a>\n\t\t\t\t\t<\/span>\n\t\t\t\t\t<div class=\"rss_content\"\n\t\t\t\t\t\t\tstyle=\"\">\n\t\t\t\t\t\t\n\t\t\t\t\t\t\t\t\t\t\t\t<p class=\"description\">Ideale per chi vuol conoscere la Jamaica ed avere un servizio di alto livello! Una vacanza al Riu Club pu\u00f2 essere vissuta in [&hellip;]<\/p>\n\t\t\t\t\t\t\n\t\t\t\t\t\t\t\t\t\t\t\t\t\t\t\t\t\t\t<div class=\"price-wrap\">\n\t\t\t\t\t\t\t\t<a href=\"https:\/\/jamaica.evolutiontravel.it\/it_IT\/909\/tab\/35898_hotel-club-riu-resort-5-stelle.html\" target=\"_blank\" rel=\"noopener\"><button class=\"price\"> 1380<\/button><\/a>\n\t\t\t\t\t\t\t<\/div>\n\t\t\t\t\t\t\t\t\t\t\t<\/div>\n\t\t\t\t<\/div>\n\t\t\t<\/li>\n\t\t\t\t<\/ul>\n<\/div>\n<style type=\"text\/css\" media=\"all\">.feedzy-rss .rss_item .rss_image{float:left;position:relative;border:none;text-decoration:none;max-width:100%}.feedzy-rss .rss_item .rss_image span{display:inline-block;position:absolute;width:100%;height:100%;background-position:50%;background-size:cover}.feedzy-rss .rss_item .rss_image{margin:.3em 1em 0 0;content-visibility:auto}.feedzy-rss ul{list-style:none}.feedzy-rss ul li{display:inline-block}<\/style>\n","protected":false},"excerpt":{"rendered":"<p>Clima e temperature sono le preoccupazioni maggiori di chi vuole prenotare una vacanza Giamaica ed \u00e8 normalissimo perch\u00e8 le condizioni metereologiche possono fare la differenza, soprattutto quando si parla di destinazioni scelte soprattutto fare vita da spiaggia e mare, sole e non certo per la pioggia! Scopriamo insieme quando andare in Giamaica e quali sono <a class=\"moretag\" href=\"https:\/\/jamaica.evolutiontravel.it\/infovacanze\/informazioni\/giamaica-clima\/\">[&#8230;]<\/a><\/p>\n","protected":false},"author":6,"featured_media":0,"parent":8,"menu_order":0,"comment_status":"closed","ping_status":"open","template":"templates\/template-with-right-sidebar.php","meta":{"footnotes":""},"yoast_head":"<!-- This site is optimized with the Yoast SEO plugin v21.9.1 - https:\/\/yoast.com\/wordpress\/plugins\/seo\/ -->\n<title>Quando andare in Giamaica: clima e meteo sull&#039;isola caraibica<\/title>\n<meta name=\"description\" content=\"Vuoi sapere quando \u00e8 meglio andare in vacanza in Giamaica? Leggi il nostro articolo, ci trovi informazioni utili su clima e condizioni meteo nelle diverse stagioni. Parti con le nostre imperdibili offerte per questa destinazione magica!\" \/>\n<meta name=\"robots\" content=\"index, follow, max-snippet:-1, max-image-preview:large, max-video-preview:-1\" \/>\n<link rel=\"canonical\" href=\"https:\/\/jamaica.evolutiontravel.it\/infovacanze\/informazioni\/giamaica-clima\/\" \/>\n<meta property=\"og:locale\" content=\"it_IT\" \/>\n<meta property=\"og:type\" content=\"article\" \/>\n<meta property=\"og:title\" content=\"Quando andare in Giamaica: clima e meteo sull&#039;isola caraibica\" \/>\n<meta property=\"og:description\" content=\"Vuoi sapere quando \u00e8 meglio andare in vacanza in Giamaica? Leggi il nostro articolo, ci trovi informazioni utili su clima e condizioni meteo nelle diverse stagioni. Parti con le nostre imperdibili offerte per questa destinazione magica!\" \/>\n<meta property=\"og:url\" content=\"https:\/\/jamaica.evolutiontravel.it\/infovacanze\/informazioni\/giamaica-clima\/\" \/>\n<meta property=\"og:site_name\" content=\"Jamaica\" \/>\n<meta property=\"article:modified_time\" content=\"2018-12-07T08:16:54+00:00\" \/>\n<meta name=\"twitter:label1\" content=\"Tempo di lettura stimato\" \/>\n\t<meta name=\"twitter:data1\" content=\"2 minuti\" \/>\n<script type=\"application\/ld+json\" class=\"yoast-schema-graph\">{\"@context\":\"https:\/\/schema.org\",\"@graph\":[{\"@type\":\"WebPage\",\"@id\":\"https:\/\/jamaica.evolutiontravel.it\/infovacanze\/informazioni\/giamaica-clima\/\",\"url\":\"https:\/\/jamaica.evolutiontravel.it\/infovacanze\/informazioni\/giamaica-clima\/\",\"name\":\"Quando andare in Giamaica: clima e meteo sull'isola caraibica\",\"isPartOf\":{\"@id\":\"https:\/\/jamaica.evolutiontravel.it\/infovacanze\/#website\"},\"datePublished\":\"2014-06-03T14:25:31+00:00\",\"dateModified\":\"2018-12-07T08:16:54+00:00\",\"description\":\"Vuoi sapere quando \u00e8 meglio andare in vacanza in Giamaica? Leggi il nostro articolo, ci trovi informazioni utili su clima e condizioni meteo nelle diverse stagioni. Parti con le nostre imperdibili offerte per questa destinazione magica!\",\"breadcrumb\":{\"@id\":\"https:\/\/jamaica.evolutiontravel.it\/infovacanze\/informazioni\/giamaica-clima\/#breadcrumb\"},\"inLanguage\":\"it-IT\",\"potentialAction\":[{\"@type\":\"ReadAction\",\"target\":[\"https:\/\/jamaica.evolutiontravel.it\/infovacanze\/informazioni\/giamaica-clima\/\"]}]},{\"@type\":\"BreadcrumbList\",\"@id\":\"https:\/\/jamaica.evolutiontravel.it\/infovacanze\/informazioni\/giamaica-clima\/#breadcrumb\",\"itemListElement\":[{\"@type\":\"ListItem\",\"position\":1,\"name\":\"Informazioni\",\"item\":\"https:\/\/jamaica.evolutiontravel.it\/infovacanze\/informazioni\/\"},{\"@type\":\"ListItem\",\"position\":2,\"name\":\"Periodo migliore per una vacanza in Giamaica\"}]},{\"@type\":\"WebSite\",\"@id\":\"https:\/\/jamaica.evolutiontravel.it\/infovacanze\/#website\",\"url\":\"https:\/\/jamaica.evolutiontravel.it\/infovacanze\/\",\"name\":\"Jamaica\",\"description\":\"\",\"potentialAction\":[{\"@type\":\"SearchAction\",\"target\":{\"@type\":\"EntryPoint\",\"urlTemplate\":\"https:\/\/jamaica.evolutiontravel.it\/infovacanze\/?s={search_term_string}\"},\"query-input\":\"required name=search_term_string\"}],\"inLanguage\":\"it-IT\"}]}<\/script>\n<!-- \/ Yoast SEO plugin. -->","yoast_head_json":{"title":"Quando andare in Giamaica: clima e meteo sull'isola caraibica","description":"Vuoi sapere quando \u00e8 meglio andare in vacanza in Giamaica? Leggi il nostro articolo, ci trovi informazioni utili su clima e condizioni meteo nelle diverse stagioni. Parti con le nostre imperdibili offerte per questa destinazione magica!","robots":{"index":"index","follow":"follow","max-snippet":"max-snippet:-1","max-image-preview":"max-image-preview:large","max-video-preview":"max-video-preview:-1"},"canonical":"https:\/\/jamaica.evolutiontravel.it\/infovacanze\/informazioni\/giamaica-clima\/","og_locale":"it_IT","og_type":"article","og_title":"Quando andare in Giamaica: clima e meteo sull'isola caraibica","og_description":"Vuoi sapere quando \u00e8 meglio andare in vacanza in Giamaica? Leggi il nostro articolo, ci trovi informazioni utili su clima e condizioni meteo nelle diverse stagioni. Parti con le nostre imperdibili offerte per questa destinazione magica!","og_url":"https:\/\/jamaica.evolutiontravel.it\/infovacanze\/informazioni\/giamaica-clima\/","og_site_name":"Jamaica","article_modified_time":"2018-12-07T08:16:54+00:00","twitter_misc":{"Tempo di lettura stimato":"2 minuti"},"schema":{"@context":"https:\/\/schema.org","@graph":[{"@type":"WebPage","@id":"https:\/\/jamaica.evolutiontravel.it\/infovacanze\/informazioni\/giamaica-clima\/","url":"https:\/\/jamaica.evolutiontravel.it\/infovacanze\/informazioni\/giamaica-clima\/","name":"Quando andare in Giamaica: clima e meteo sull'isola caraibica","isPartOf":{"@id":"https:\/\/jamaica.evolutiontravel.it\/infovacanze\/#website"},"datePublished":"2014-06-03T14:25:31+00:00","dateModified":"2018-12-07T08:16:54+00:00","description":"Vuoi sapere quando \u00e8 meglio andare in vacanza in Giamaica? Leggi il nostro articolo, ci trovi informazioni utili su clima e condizioni meteo nelle diverse stagioni. Parti con le nostre imperdibili offerte per questa destinazione magica!","breadcrumb":{"@id":"https:\/\/jamaica.evolutiontravel.it\/infovacanze\/informazioni\/giamaica-clima\/#breadcrumb"},"inLanguage":"it-IT","potentialAction":[{"@type":"ReadAction","target":["https:\/\/jamaica.evolutiontravel.it\/infovacanze\/informazioni\/giamaica-clima\/"]}]},{"@type":"BreadcrumbList","@id":"https:\/\/jamaica.evolutiontravel.it\/infovacanze\/informazioni\/giamaica-clima\/#breadcrumb","itemListElement":[{"@type":"ListItem","position":1,"name":"Informazioni","item":"https:\/\/jamaica.evolutiontravel.it\/infovacanze\/informazioni\/"},{"@type":"ListItem","position":2,"name":"Periodo migliore per una vacanza in Giamaica"}]},{"@type":"WebSite","@id":"https:\/\/jamaica.evolutiontravel.it\/infovacanze\/#website","url":"https:\/\/jamaica.evolutiontravel.it\/infovacanze\/","name":"Jamaica","description":"","potentialAction":[{"@type":"SearchAction","target":{"@type":"EntryPoint","urlTemplate":"https:\/\/jamaica.evolutiontravel.it\/infovacanze\/?s={search_term_string}"},"query-input":"required name=search_term_string"}],"inLanguage":"it-IT"}]}},"_links":{"self":[{"href":"https:\/\/jamaica.evolutiontravel.it\/infovacanze\/wp-json\/wp\/v2\/pages\/41"}],"collection":[{"href":"https:\/\/jamaica.evolutiontravel.it\/infovacanze\/wp-json\/wp\/v2\/pages"}],"about":[{"href":"https:\/\/jamaica.evolutiontravel.it\/infovacanze\/wp-json\/wp\/v2\/types\/page"}],"author":[{"embeddable":true,"href":"https:\/\/jamaica.evolutiontravel.it\/infovacanze\/wp-json\/wp\/v2\/users\/6"}],"replies":[{"embeddable":true,"href":"https:\/\/jamaica.evolutiontravel.it\/infovacanze\/wp-json\/wp\/v2\/comments?post=41"}],"version-history":[{"count":8,"href":"https:\/\/jamaica.evolutiontravel.it\/infovacanze\/wp-json\/wp\/v2\/pages\/41\/revisions"}],"predecessor-version":[{"id":362,"href":"https:\/\/jamaica.evolutiontravel.it\/infovacanze\/wp-json\/wp\/v2\/pages\/41\/revisions\/362"}],"up":[{"embeddable":true,"href":"https:\/\/jamaica.evolutiontravel.it\/infovacanze\/wp-json\/wp\/v2\/pages\/8"}],"wp:attachment":[{"href":"https:\/\/jamaica.evolutiontravel.it\/infovacanze\/wp-json\/wp\/v2\/media?parent=41"}],"curies":[{"name":"wp","href":"https:\/\/api.w.org\/{rel}","templated":true}]}}