{"id":309,"date":"2018-09-07T10:21:06","date_gmt":"2018-09-07T08:21:06","guid":{"rendered":"http:\/\/jamaica.evolutiontravel.it\/infovacanze\/?page_id=309"},"modified":"2018-10-10T12:18:18","modified_gmt":"2018-10-10T10:18:18","slug":"kingston","status":"publish","type":"page","link":"https:\/\/jamaica.evolutiontravel.it\/infovacanze\/kingston\/","title":{"rendered":"Kingston"},"content":{"rendered":"<p><strong>Kingston<\/strong>, non \u00e8 solo la<strong> capitale<\/strong> ma \u00e8 proprio il<strong> cuore pulsante della Jamaica: <\/strong>dovreste venire qui anche solo per un tour di un giorno per scoprire cultura e storia della pi\u00f9 grande citt\u00e0 anglofona fuori dall&#8217;Inghilterra. Kingston \u00e8 raggiungibile direttamente grazie al suo <strong>aeroporto internazionale Norman Manley<\/strong>, ed \u00e8 <strong>non lontana da altre mete<\/strong> molto gettonate della Jamaica:<\/p>\n<ul>\n<li>a 90 chilometri da <a title=\"ocho rios\" href=\"https:\/\/jamaica.evolutiontravel.it\/infovacanze\/ocho-rios\/\">Ocho Rios<\/a><\/li>\n<li>170 da <a title=\"montego bay\" href=\"https:\/\/jamaica.evolutiontravel.it\/infovacanze\/montego-bay\/\">Montego Bay<\/a><\/li>\n<li>poco pi\u00f9 di 200 da <a title=\"negril\" href=\"https:\/\/jamaica.evolutiontravel.it\/infovacanze\/negril\/\">Negril<\/a>.<\/li>\n<\/ul>\n<p>Quindi, in poche parole, se siete atterrati nella capitale e avete intenzione di visitare tutta la Giamaica, organizzatevi per passare qui e nei dintorni almeno un paio di giorni, perch\u00e9 le cose da fare sono tante e molto interessanti. La citt\u00e0 ha pi\u00f9 di 400 anni di storia e fu fondata nel 17esimo secolo quando la vecchia capitale, Port Royal, affond\u00f2 in seguito a un terremoto. Ancora oggi, <strong>nelle profondit\u00e0 del mare si trovano i resti degli edifici dell\u2019antica capitale<\/strong>.<\/p>\n<p>Di Kingston vi colpir\u00e0 subito il suo ambiente movimentato, <strong>pieno di vita e colori:<\/strong> per molti \u00e8 troppo caotica, ma rappresenta invece la porta ideale per la scoperta della cultura giamaicana. Nella citt\u00e0 si trovano infatti alcuni punti di interesse fondamentali per capire la Giamaica:<\/p>\n<ul>\n<li><a title=\"Museo Bob Marley sito ufficiale\" href=\"https:\/\/www.bobmarleymuseum.com\/\" target=\"_blank\" rel=\"noopener\"><strong>il Museo Bob Marley<\/strong><\/a>, dedicato all\u2019artista che ha portato nel mondo la musica locale tradizionale, il reggae;<\/li>\n<li><a title=\"devono house sito web\" href=\"https:\/\/www.devonhouseja.com\/\" target=\"_blank\" rel=\"noopener\">la <strong>Devon House<\/strong><\/a>, una grande dimora dell\u2019ottocento che ospit\u00f2 quello che \u00e8 considerato il primo milionario di colore del paese;<\/li>\n<li><a title=\"museo storia sito ufficiale\" href=\"http:\/\/nhmj-ioj.org.jm\/ioj_wp\/\" target=\"_blank\" rel=\"noopener\">il <strong>Museo di Storia Naturale<\/strong><\/a>, dedicato a flora e fauna della Giamaica;<\/li>\n<li><a title=\"zoo giamaica sito web\" href=\"http:\/\/hopezookingston.com\/\" target=\"_blank\" rel=\"noopener\">il <strong>giardino zoologico Hope Zoo<\/strong><\/a>, nella zona nord, in cui osservare da vicino molti animali tipici della zona, come le numerose specie di uccelli e le scimmie;<\/li>\n<li><a title=\"sito web national gallery giamaica\" href=\"https:\/\/nationalgalleryofjamaica.wordpress.com\/\" target=\"_blank\" rel=\"noopener\">la <strong>National Gallery<\/strong><\/a>, dove si possono ammirare diverse opere di artisti locali.<\/li>\n<\/ul>\n<p>Uno snodo fondamentale della storia Giamaicana \u00e8 la liberazione dalla schiavit\u00f9 dei lavoratori delle piantagioni: <a title=\"sito web ufficiale\" href=\"http:\/\/www.emancipationpark.org.jm\/\" target=\"_blank\" rel=\"noopener\"><strong>Emancipation Park<\/strong><\/a> \u00e8 una bella area verde al centro di Kingston che celebra proprio questo momento.<\/p>\n<h2>Cosa vedere nei dintorni di Kingston<\/h2>\n<p>L\u2019ideale per visitare anche i dintorni della capitale giamaicana \u00e8 fermarsi <strong>tre giorni<\/strong> e dedicare il primo all\u2019esplorazione di Kingston, dei suoi musei e dei suoi punti di interesse, e altri due a un piccolo <strong>tour nelle vicinanze<\/strong>.<\/p>\n<p>In due giorni si possono visitare siti storici quali:<\/p>\n<ul>\n<li><strong>l\u2019antica Port Royal<\/strong>, della quale \u00e8 rimasto poco ma che presenta ancora edifici interessanti e di valore come <strong>Fort Charles<\/strong>;<\/li>\n<li>l\u2019area protetta di <strong>Lime Cay, in cui fare immersioni<\/strong> al largo di Port Royal;<\/li>\n<li>la visita a <strong>Spanish Town<\/strong>, antica citt\u00e0 spagnola con la chiesa di Saint James;<\/li>\n<li>lo stupendo <strong>Blue and John Crow Mountains National Park<\/strong>, con la suggestiva vetta <strong>Blue Mountain Peak<\/strong>.<\/li>\n<\/ul>\n<p>&nbsp;<\/p>\n<h3 style=\"text-align: center\"><strong><span style=\"color: #008000\">VACANZE IN JAMAICA<\/span><\/strong> con le nostre <strong><span style=\"color: #008000\">IMPERDIBILI OFFERTE<\/span><\/strong><\/h3>\n<p style=\"text-align: center\">In <strong>un solo click<\/strong> tutte le <strong>migliori occasioni della settimana<\/strong><\/p>\n<p style=\"text-align: center\"><strong><span style=\"color: #008000\">CLICCA E SCOPRI<\/span><\/strong>: <strong>programma<\/strong> viaggio, <strong>foto<\/strong>, <strong>recensioni<\/strong>, <strong>itinerari<\/strong> e <strong>servizi<\/strong> inclusi nei pacchetti!<\/p>\n<div class=\"feedzy-ab7651f0331a372bcbaee7e977aaa9bf feedzy-rss\">\n\t\t<ul class=\"feedzy-style2\">\n\t\t\t\t\t<li  style=\"padding: 23px 0 38px\" class=\"rss_item feedzy-rss-col-3\" >\n\t\t\t\t\t\t\t\t\t<div class=\"rss_image\" style=\"width:225px; height:225px;\">\n\t\t\t\t\t\t<a href=\"https:\/\/jamaica.evolutiontravel.it\/it_IT\/909\/tab\/1661_hotel-hedonism-ii-4-stelle.html\" target=\"_blank\" \n\t\t\t\t\t\t\trel=\"noopener \"\n\t\t\t\t\t\t\ttitle=\"Hotel Hedonism II 4 stelle\"\n\t\t\t\t\t\t\tstyle=\"width:225px; height:225px;\">\n\t\t\t\t\t\t\t<span class=\"fetched\" style=\"background-image:  url('http:\/\/etcdn.net\/thumbnails\/1661\/it-negril-hotel-hedonism-ii-4-stelle-5cf01.jpg');\" title=\"Hotel Hedonism II 4 stelle\"><\/span><amp-img width=\"225\" height=\"225\" src=\"http:\/\/etcdn.net\/thumbnails\/1661\/it-negril-hotel-hedonism-ii-4-stelle-5cf01.jpg\">\t\t\t\t\t\t<\/a>\n\t\t\t\t\t<\/div>\n\t\t\t\t\t\t\t\t<div class=\"rss_content_wrap\">\n\t\t\t\t\t<span class=\"title\">\n\t\t\t\t\t\t<a href=\"https:\/\/jamaica.evolutiontravel.it\/it_IT\/909\/tab\/1661_hotel-hedonism-ii-4-stelle.html\" target=\"_blank\"  rel=\"noopener \">\n\t\t\t\t\t\t\tHotel Hedonism II 4 stelle\t\t\t\t\t\t<\/a>\n\t\t\t\t\t<\/span>\n\t\t\t\t\t<div class=\"rss_content\"\n\t\t\t\t\t\t\tstyle=\"\">\n\t\t\t\t\t\t\n\t\t\t\t\t\t\t\t\t\t\t\t<p class=\"description\">All'Hedonism II le possibilit\u00e0 sono limitate solo dalla tua immaginazione. E' un luogo dove potai sentirti libero, seguendo il [&hellip;]<\/p>\n\t\t\t\t\t\t\n\t\t\t\t\t\t\t\t\t\t\t\t\t\t\t\t\t\t\t<div class=\"price-wrap\">\n\t\t\t\t\t\t\t\t<a href=\"https:\/\/jamaica.evolutiontravel.it\/it_IT\/909\/tab\/1661_hotel-hedonism-ii-4-stelle.html\" target=\"_blank\" rel=\"noopener\"><button class=\"price\"> 1930<\/button><\/a>\n\t\t\t\t\t\t\t<\/div>\n\t\t\t\t\t\t\t\t\t\t\t<\/div>\n\t\t\t\t<\/div>\n\t\t\t<\/li>\n\t\t\t\t\t\t<li  style=\"padding: 23px 0 38px\" class=\"rss_item feedzy-rss-col-3\" >\n\t\t\t\t\t\t\t\t\t<div class=\"rss_image\" style=\"width:225px; height:225px;\">\n\t\t\t\t\t\t<a href=\"https:\/\/jamaica.evolutiontravel.it\/it_IT\/909\/tab\/6098_combinato-miami-e-lisola-di-bob-marley.html\" target=\"_blank\" \n\t\t\t\t\t\t\trel=\"noopener \"\n\t\t\t\t\t\t\ttitle=\"Combinato Miami e l&#039;isola di Bob Marley\"\n\t\t\t\t\t\t\tstyle=\"width:225px; height:225px;\">\n\t\t\t\t\t\t\t<span class=\"fetched\" style=\"background-image:  url('http:\/\/etcdn.net\/thumbnails\/6098\/it-negril-combinato-miami-e-lisola-di-bob-marley-7b927.jpg');\" title=\"Combinato Miami e l&#039;isola di Bob Marley\"><\/span><amp-img width=\"225\" height=\"225\" src=\"http:\/\/etcdn.net\/thumbnails\/6098\/it-negril-combinato-miami-e-lisola-di-bob-marley-7b927.jpg\">\t\t\t\t\t\t<\/a>\n\t\t\t\t\t<\/div>\n\t\t\t\t\t\t\t\t<div class=\"rss_content_wrap\">\n\t\t\t\t\t<span class=\"title\">\n\t\t\t\t\t\t<a href=\"https:\/\/jamaica.evolutiontravel.it\/it_IT\/909\/tab\/6098_combinato-miami-e-lisola-di-bob-marley.html\" target=\"_blank\"  rel=\"noopener \">\n\t\t\t\t\t\t\tCombinato Miami e l'isola di Bob Marley\t\t\t\t\t\t<\/a>\n\t\t\t\t\t<\/span>\n\t\t\t\t\t<div class=\"rss_content\"\n\t\t\t\t\t\t\tstyle=\"\">\n\t\t\t\t\t\t\n\t\t\t\t\t\t\t\t\t\t\t\t<p class=\"description\">Scegliete un soggiorno a Miami unito ad una settimana nell\u2019isola pi\u00f9 affascinante dei Carabi ed avrete una vacanza [&hellip;]<\/p>\n\t\t\t\t\t\t\n\t\t\t\t\t\t\t\t\t\t\t\t\t\t\t\t\t\t\t<div class=\"price-wrap\">\n\t\t\t\t\t\t\t\t<a href=\"https:\/\/jamaica.evolutiontravel.it\/it_IT\/909\/tab\/6098_combinato-miami-e-lisola-di-bob-marley.html\" target=\"_blank\" rel=\"noopener\"><button class=\"price\"> 2460<\/button><\/a>\n\t\t\t\t\t\t\t<\/div>\n\t\t\t\t\t\t\t\t\t\t\t<\/div>\n\t\t\t\t<\/div>\n\t\t\t<\/li>\n\t\t\t\t\t\t<li  style=\"padding: 23px 0 38px\" class=\"rss_item feedzy-rss-col-3\" >\n\t\t\t\t\t\t\t\t\t<div class=\"rss_image\" style=\"width:225px; height:225px;\">\n\t\t\t\t\t\t<a href=\"https:\/\/jamaica.evolutiontravel.it\/it_IT\/909\/tab\/36835_veraclub-negril.html\" target=\"_blank\" \n\t\t\t\t\t\t\trel=\"noopener \"\n\t\t\t\t\t\t\ttitle=\"Veraclub Negril\"\n\t\t\t\t\t\t\tstyle=\"width:225px; height:225px;\">\n\t\t\t\t\t\t\t<span class=\"fetched\" style=\"background-image:  url('http:\/\/etcdn.net\/thumbnails\/36835\/it-negril-veraclub-negril-77c67.jpg');\" title=\"Veraclub Negril\"><\/span><amp-img width=\"225\" height=\"225\" src=\"http:\/\/etcdn.net\/thumbnails\/36835\/it-negril-veraclub-negril-77c67.jpg\">\t\t\t\t\t\t<\/a>\n\t\t\t\t\t<\/div>\n\t\t\t\t\t\t\t\t<div class=\"rss_content_wrap\">\n\t\t\t\t\t<span class=\"title\">\n\t\t\t\t\t\t<a href=\"https:\/\/jamaica.evolutiontravel.it\/it_IT\/909\/tab\/36835_veraclub-negril.html\" target=\"_blank\"  rel=\"noopener \">\n\t\t\t\t\t\t\tVeraclub Negril\t\t\t\t\t\t<\/a>\n\t\t\t\t\t<\/span>\n\t\t\t\t\t<div class=\"rss_content\"\n\t\t\t\t\t\t\tstyle=\"\">\n\t\t\t\t\t\t\n\t\t\t\t\t\t\t\t\t\t\t\t<p class=\"description\">Uno dei best seller sulla spiaggia di Negril... hotel esclusivo di Veratour, direttamente sulla 7mile beach, una delle 10 spiagge [&hellip;]<\/p>\n\t\t\t\t\t\t\n\t\t\t\t\t\t\t\t\t\t\t\t\t\t\t\t\t\t\t<div class=\"price-wrap\">\n\t\t\t\t\t\t\t\t<a href=\"https:\/\/jamaica.evolutiontravel.it\/it_IT\/909\/tab\/36835_veraclub-negril.html\" target=\"_blank\" rel=\"noopener\"><button class=\"price\"> 1310<\/button><\/a>\n\t\t\t\t\t\t\t<\/div>\n\t\t\t\t\t\t\t\t\t\t\t<\/div>\n\t\t\t\t<\/div>\n\t\t\t<\/li>\n\t\t\t\t\t\t<li  style=\"padding: 23px 0 38px\" class=\"rss_item feedzy-rss-col-3\" >\n\t\t\t\t\t\t\t\t\t<div class=\"rss_image\" style=\"width:225px; height:225px;\">\n\t\t\t\t\t\t<a href=\"https:\/\/jamaica.evolutiontravel.it\/it_IT\/909\/tab\/1933_combinato-new-york-e-lisola-del-reggae.html\" target=\"_blank\" \n\t\t\t\t\t\t\trel=\"noopener \"\n\t\t\t\t\t\t\ttitle=\"Combinato New York e l&#039;isola del Reggae\"\n\t\t\t\t\t\t\tstyle=\"width:225px; height:225px;\">\n\t\t\t\t\t\t\t<span class=\"fetched\" style=\"background-image:  url('http:\/\/etcdn.net\/thumbnails\/1933\/it-negril-combinato-new-york-e-lisola-del-reggae-5a312.jpg');\" title=\"Combinato New York e l&#039;isola del Reggae\"><\/span><amp-img width=\"225\" height=\"225\" src=\"http:\/\/etcdn.net\/thumbnails\/1933\/it-negril-combinato-new-york-e-lisola-del-reggae-5a312.jpg\">\t\t\t\t\t\t<\/a>\n\t\t\t\t\t<\/div>\n\t\t\t\t\t\t\t\t<div class=\"rss_content_wrap\">\n\t\t\t\t\t<span class=\"title\">\n\t\t\t\t\t\t<a href=\"https:\/\/jamaica.evolutiontravel.it\/it_IT\/909\/tab\/1933_combinato-new-york-e-lisola-del-reggae.html\" target=\"_blank\"  rel=\"noopener \">\n\t\t\t\t\t\t\tCombinato New York e l'isola del Reggae\t\t\t\t\t\t<\/a>\n\t\t\t\t\t<\/span>\n\t\t\t\t\t<div class=\"rss_content\"\n\t\t\t\t\t\t\tstyle=\"\">\n\t\t\t\t\t\t\n\t\t\t\t\t\t\t\t\t\t\t\t<p class=\"description\">Tre giorni nella \u201cGrande Mela\u201d\u2026.poi la Jamaica, trasgressiva, affascinante e sempre imprevedibile!<\/p>\n\t\t\t\t\t\t\n\t\t\t\t\t\t\t\t\t\t\t\t\t\t\t\t\t\t\t<div class=\"price-wrap\">\n\t\t\t\t\t\t\t\t<a href=\"https:\/\/jamaica.evolutiontravel.it\/it_IT\/909\/tab\/1933_combinato-new-york-e-lisola-del-reggae.html\" target=\"_blank\" rel=\"noopener\"><button class=\"price\"> 2180<\/button><\/a>\n\t\t\t\t\t\t\t<\/div>\n\t\t\t\t\t\t\t\t\t\t\t<\/div>\n\t\t\t\t<\/div>\n\t\t\t<\/li>\n\t\t\t\t\t\t<li  style=\"padding: 23px 0 38px\" class=\"rss_item feedzy-rss-col-3\" >\n\t\t\t\t\t\t\t\t\t<div class=\"rss_image\" style=\"width:225px; height:225px;\">\n\t\t\t\t\t\t<a href=\"https:\/\/jamaica.evolutiontravel.it\/it_IT\/909\/tab\/1665_hotel-merrils-beach-3-stelle-in-all-inclusive.html\" target=\"_blank\" \n\t\t\t\t\t\t\trel=\"noopener \"\n\t\t\t\t\t\t\ttitle=\"Hotel Merril\u00b4s Beach 3 Stelle in All Inclusive\"\n\t\t\t\t\t\t\tstyle=\"width:225px; height:225px;\">\n\t\t\t\t\t\t\t<span class=\"fetched\" style=\"background-image:  url('http:\/\/etcdn.net\/thumbnails\/1665\/it-negril-hotel-exploracafe-merrils-beach-3-stelle-in-all-inclusive-56962.jpg');\" title=\"Hotel Merril\u00b4s Beach 3 Stelle in All Inclusive\"><\/span><amp-img width=\"225\" height=\"225\" src=\"http:\/\/etcdn.net\/thumbnails\/1665\/it-negril-hotel-exploracafe-merrils-beach-3-stelle-in-all-inclusive-56962.jpg\">\t\t\t\t\t\t<\/a>\n\t\t\t\t\t<\/div>\n\t\t\t\t\t\t\t\t<div class=\"rss_content_wrap\">\n\t\t\t\t\t<span class=\"title\">\n\t\t\t\t\t\t<a href=\"https:\/\/jamaica.evolutiontravel.it\/it_IT\/909\/tab\/1665_hotel-merrils-beach-3-stelle-in-all-inclusive.html\" target=\"_blank\"  rel=\"noopener \">\n\t\t\t\t\t\t\tHotel Merril\u00b4s Beach 3 Stelle in All Inclusive\t\t\t\t\t\t<\/a>\n\t\t\t\t\t<\/span>\n\t\t\t\t\t<div class=\"rss_content\"\n\t\t\t\t\t\t\tstyle=\"\">\n\t\t\t\t\t\t\n\t\t\t\t\t\t\t\t\t\t\t\t<p class=\"description\">Il best seller a Negril.... si una delle spiagge pi\u00f9 belle del mondo, la 7mile beach, l'hotel si divide in 2 parti, la parte II [&hellip;]<\/p>\n\t\t\t\t\t\t\n\t\t\t\t\t\t\t\t\t\t\t\t\t\t\t\t\t\t\t<div class=\"price-wrap\">\n\t\t\t\t\t\t\t\t<a href=\"https:\/\/jamaica.evolutiontravel.it\/it_IT\/909\/tab\/1665_hotel-merrils-beach-3-stelle-in-all-inclusive.html\" target=\"_blank\" rel=\"noopener\"><button class=\"price\"> 1335<\/button><\/a>\n\t\t\t\t\t\t\t<\/div>\n\t\t\t\t\t\t\t\t\t\t\t<\/div>\n\t\t\t\t<\/div>\n\t\t\t<\/li>\n\t\t\t\t\t\t<li  style=\"padding: 23px 0 38px\" class=\"rss_item feedzy-rss-col-3\" >\n\t\t\t\t\t\t\t\t\t<div class=\"rss_image\" style=\"width:225px; height:225px;\">\n\t\t\t\t\t\t<a href=\"https:\/\/jamaica.evolutiontravel.it\/it_IT\/909\/tab\/35023_samsara-cliff-resort-4-stelle.html\" target=\"_blank\" \n\t\t\t\t\t\t\trel=\"noopener \"\n\t\t\t\t\t\t\ttitle=\"Samsara Cliff Resort 4 stelle\"\n\t\t\t\t\t\t\tstyle=\"width:225px; height:225px;\">\n\t\t\t\t\t\t\t<span class=\"fetched\" style=\"background-image:  url('http:\/\/etcdn.net\/thumbnails\/35023\/it-negril-samsara-cliff-resort-4-stelle-59bcd.jpg');\" title=\"Samsara Cliff Resort 4 stelle\"><\/span><amp-img width=\"225\" height=\"225\" src=\"http:\/\/etcdn.net\/thumbnails\/35023\/it-negril-samsara-cliff-resort-4-stelle-59bcd.jpg\">\t\t\t\t\t\t<\/a>\n\t\t\t\t\t<\/div>\n\t\t\t\t\t\t\t\t<div class=\"rss_content_wrap\">\n\t\t\t\t\t<span class=\"title\">\n\t\t\t\t\t\t<a href=\"https:\/\/jamaica.evolutiontravel.it\/it_IT\/909\/tab\/35023_samsara-cliff-resort-4-stelle.html\" target=\"_blank\"  rel=\"noopener \">\n\t\t\t\t\t\t\tSamsara Cliff Resort 4 stelle\t\t\t\t\t\t<\/a>\n\t\t\t\t\t<\/span>\n\t\t\t\t\t<div class=\"rss_content\"\n\t\t\t\t\t\t\tstyle=\"\">\n\t\t\t\t\t\t\n\t\t\t\t\t\t\t\t\t\t\t\t<p class=\"description\">si trova in spettacolare posizione panoramica sulla scogliera a due passi dal West End, la zona bohemien di Negril dove ci sono i [&hellip;]<\/p>\n\t\t\t\t\t\t\n\t\t\t\t\t\t\t\t\t\t\t\t\t\t\t\t\t\t\t<div class=\"price-wrap\">\n\t\t\t\t\t\t\t\t<a href=\"https:\/\/jamaica.evolutiontravel.it\/it_IT\/909\/tab\/35023_samsara-cliff-resort-4-stelle.html\" target=\"_blank\" rel=\"noopener\"><button class=\"price\"> 1090<\/button><\/a>\n\t\t\t\t\t\t\t<\/div>\n\t\t\t\t\t\t\t\t\t\t\t<\/div>\n\t\t\t\t<\/div>\n\t\t\t<\/li>\n\t\t\t\t<\/ul>\n<\/div>\n<style type=\"text\/css\" media=\"all\">.feedzy-rss .rss_item .rss_image{float:left;position:relative;border:none;text-decoration:none;max-width:100%}.feedzy-rss .rss_item .rss_image span{display:inline-block;position:absolute;width:100%;height:100%;background-position:50%;background-size:cover}.feedzy-rss .rss_item .rss_image{margin:.3em 1em 0 0;content-visibility:auto}.feedzy-rss ul{list-style:none}.feedzy-rss ul li{display:inline-block}<\/style>\n","protected":false},"excerpt":{"rendered":"<p>Kingston, non \u00e8 solo la capitale ma \u00e8 proprio il cuore pulsante della Jamaica: dovreste venire qui anche solo per un tour di un giorno per scoprire cultura e storia della pi\u00f9 grande citt\u00e0 anglofona fuori dall&#8217;Inghilterra. Kingston \u00e8 raggiungibile direttamente grazie al suo aeroporto internazionale Norman Manley, ed \u00e8 non lontana da altre mete <a class=\"moretag\" href=\"https:\/\/jamaica.evolutiontravel.it\/infovacanze\/kingston\/\">[&#8230;]<\/a><\/p>\n","protected":false},"author":6,"featured_media":0,"parent":0,"menu_order":0,"comment_status":"closed","ping_status":"closed","template":"templates\/template-with-right-sidebar.php","meta":{"footnotes":""},"yoast_head":"<!-- This site is optimized with the Yoast SEO plugin v21.9.1 - https:\/\/yoast.com\/wordpress\/plugins\/seo\/ -->\n<title>Kingston, capitale Giamaica: visita al museo di Bob Marley e dintorni citt\u00e0<\/title>\n<meta name=\"description\" content=\"Cosa vedere a Kingston? Non solo il Bob Marley Museum: leggi il nostro aritcolo per saperne di pi\u00f9, parti con le nostre imperdibli offerte!\" \/>\n<meta name=\"robots\" content=\"index, follow, max-snippet:-1, max-image-preview:large, max-video-preview:-1\" \/>\n<link rel=\"canonical\" href=\"https:\/\/jamaica.evolutiontravel.it\/infovacanze\/kingston\/\" \/>\n<meta property=\"og:locale\" content=\"it_IT\" \/>\n<meta property=\"og:type\" content=\"article\" \/>\n<meta property=\"og:title\" content=\"Kingston, capitale Giamaica: visita al museo di Bob Marley e dintorni citt\u00e0\" \/>\n<meta property=\"og:description\" content=\"Cosa vedere a Kingston? Non solo il Bob Marley Museum: leggi il nostro aritcolo per saperne di pi\u00f9, parti con le nostre imperdibli offerte!\" \/>\n<meta property=\"og:url\" content=\"https:\/\/jamaica.evolutiontravel.it\/infovacanze\/kingston\/\" \/>\n<meta property=\"og:site_name\" content=\"Jamaica\" \/>\n<meta property=\"article:modified_time\" content=\"2018-10-10T10:18:18+00:00\" \/>\n<meta name=\"twitter:label1\" content=\"Tempo di lettura stimato\" \/>\n\t<meta name=\"twitter:data1\" content=\"2 minuti\" \/>\n<script type=\"application\/ld+json\" class=\"yoast-schema-graph\">{\"@context\":\"https:\/\/schema.org\",\"@graph\":[{\"@type\":\"WebPage\",\"@id\":\"https:\/\/jamaica.evolutiontravel.it\/infovacanze\/kingston\/\",\"url\":\"https:\/\/jamaica.evolutiontravel.it\/infovacanze\/kingston\/\",\"name\":\"Kingston, capitale Giamaica: visita al museo di Bob Marley e dintorni citt\u00e0\",\"isPartOf\":{\"@id\":\"https:\/\/jamaica.evolutiontravel.it\/infovacanze\/#website\"},\"datePublished\":\"2018-09-07T08:21:06+00:00\",\"dateModified\":\"2018-10-10T10:18:18+00:00\",\"description\":\"Cosa vedere a Kingston? Non solo il Bob Marley Museum: leggi il nostro aritcolo per saperne di pi\u00f9, parti con le nostre imperdibli offerte!\",\"inLanguage\":\"it-IT\",\"potentialAction\":[{\"@type\":\"ReadAction\",\"target\":[\"https:\/\/jamaica.evolutiontravel.it\/infovacanze\/kingston\/\"]}]},{\"@type\":\"WebSite\",\"@id\":\"https:\/\/jamaica.evolutiontravel.it\/infovacanze\/#website\",\"url\":\"https:\/\/jamaica.evolutiontravel.it\/infovacanze\/\",\"name\":\"Jamaica\",\"description\":\"\",\"potentialAction\":[{\"@type\":\"SearchAction\",\"target\":{\"@type\":\"EntryPoint\",\"urlTemplate\":\"https:\/\/jamaica.evolutiontravel.it\/infovacanze\/?s={search_term_string}\"},\"query-input\":\"required name=search_term_string\"}],\"inLanguage\":\"it-IT\"}]}<\/script>\n<!-- \/ Yoast SEO plugin. -->","yoast_head_json":{"title":"Kingston, capitale Giamaica: visita al museo di Bob Marley e dintorni citt\u00e0","description":"Cosa vedere a Kingston? Non solo il Bob Marley Museum: leggi il nostro aritcolo per saperne di pi\u00f9, parti con le nostre imperdibli offerte!","robots":{"index":"index","follow":"follow","max-snippet":"max-snippet:-1","max-image-preview":"max-image-preview:large","max-video-preview":"max-video-preview:-1"},"canonical":"https:\/\/jamaica.evolutiontravel.it\/infovacanze\/kingston\/","og_locale":"it_IT","og_type":"article","og_title":"Kingston, capitale Giamaica: visita al museo di Bob Marley e dintorni citt\u00e0","og_description":"Cosa vedere a Kingston? Non solo il Bob Marley Museum: leggi il nostro aritcolo per saperne di pi\u00f9, parti con le nostre imperdibli offerte!","og_url":"https:\/\/jamaica.evolutiontravel.it\/infovacanze\/kingston\/","og_site_name":"Jamaica","article_modified_time":"2018-10-10T10:18:18+00:00","twitter_misc":{"Tempo di lettura stimato":"2 minuti"},"schema":{"@context":"https:\/\/schema.org","@graph":[{"@type":"WebPage","@id":"https:\/\/jamaica.evolutiontravel.it\/infovacanze\/kingston\/","url":"https:\/\/jamaica.evolutiontravel.it\/infovacanze\/kingston\/","name":"Kingston, capitale Giamaica: visita al museo di Bob Marley e dintorni citt\u00e0","isPartOf":{"@id":"https:\/\/jamaica.evolutiontravel.it\/infovacanze\/#website"},"datePublished":"2018-09-07T08:21:06+00:00","dateModified":"2018-10-10T10:18:18+00:00","description":"Cosa vedere a Kingston? Non solo il Bob Marley Museum: leggi il nostro aritcolo per saperne di pi\u00f9, parti con le nostre imperdibli offerte!","inLanguage":"it-IT","potentialAction":[{"@type":"ReadAction","target":["https:\/\/jamaica.evolutiontravel.it\/infovacanze\/kingston\/"]}]},{"@type":"WebSite","@id":"https:\/\/jamaica.evolutiontravel.it\/infovacanze\/#website","url":"https:\/\/jamaica.evolutiontravel.it\/infovacanze\/","name":"Jamaica","description":"","potentialAction":[{"@type":"SearchAction","target":{"@type":"EntryPoint","urlTemplate":"https:\/\/jamaica.evolutiontravel.it\/infovacanze\/?s={search_term_string}"},"query-input":"required name=search_term_string"}],"inLanguage":"it-IT"}]}},"_links":{"self":[{"href":"https:\/\/jamaica.evolutiontravel.it\/infovacanze\/wp-json\/wp\/v2\/pages\/309"}],"collection":[{"href":"https:\/\/jamaica.evolutiontravel.it\/infovacanze\/wp-json\/wp\/v2\/pages"}],"about":[{"href":"https:\/\/jamaica.evolutiontravel.it\/infovacanze\/wp-json\/wp\/v2\/types\/page"}],"author":[{"embeddable":true,"href":"https:\/\/jamaica.evolutiontravel.it\/infovacanze\/wp-json\/wp\/v2\/users\/6"}],"replies":[{"embeddable":true,"href":"https:\/\/jamaica.evolutiontravel.it\/infovacanze\/wp-json\/wp\/v2\/comments?post=309"}],"version-history":[{"count":5,"href":"https:\/\/jamaica.evolutiontravel.it\/infovacanze\/wp-json\/wp\/v2\/pages\/309\/revisions"}],"predecessor-version":[{"id":360,"href":"https:\/\/jamaica.evolutiontravel.it\/infovacanze\/wp-json\/wp\/v2\/pages\/309\/revisions\/360"}],"wp:attachment":[{"href":"https:\/\/jamaica.evolutiontravel.it\/infovacanze\/wp-json\/wp\/v2\/media?parent=309"}],"curies":[{"name":"wp","href":"https:\/\/api.w.org\/{rel}","templated":true}]}}